{"id":3882,"date":"2023-04-26T14:03:13","date_gmt":"2023-04-26T14:03:13","guid":{"rendered":"http:\/\/agency.one.themerella.com\/?page_id=4"},"modified":"2025-10-16T16:38:05","modified_gmt":"2025-10-16T16:38:05","slug":"inicio","status":"publish","type":"page","link":"https:\/\/www.wmg.cl\/en\/","title":{"rendered":"Inicio"},"content":{"rendered":"<div class=\"wpb-content-wrapper\"><section class=\"vc_row wpb_row vc_row-fluid liquid-row-shadowbox-69ea3460d1005 vc_row-o-full-height vc_row-o-columns-middle vc_row-flex\"><div class=\"ld-container container\"><div class=\"row ld-row\"><div class=\"wpb_column vc_column_container vc_col-sm-12 liquid-column-69ea3460d1dd4\"><div class=\"vc_column-inner\"><div class=\"wpb_wrapper \"   ><div class=\"wpb_wrapper-inner\">\n\t\t\t<!-- START inicio REVOLUTION SLIDER 6.5.6 --><p class=\"rs-p-wp-fix\"><\/p>\n\t\t\t<rs-module-wrap id=\"rev_slider_3_1_wrapper\" data-source=\"gallery\" style=\"visibility:hidden;background:transparent;padding:0;\">\n\t\t\t\t<rs-module id=\"rev_slider_3_1\" style=\"\" data-version=\"6.5.6\">\n\t\t\t\t\t<rs-slides>\n\t\t\t\t\t\t<rs-slide style=\"position: absolute;\" data-key=\"rs-16\" data-title=\"Slide\" data-thumb=\"\/\/www.wmg.cl\/wp-content\/uploads\/2025\/11\/Home3-WMG-1-100x50.jpg\" data-in=\"o:0;\" data-out=\"y:100%;\">\n\t\t\t\t\t\t\t<img loading=\"lazy\" decoding=\"async\" src=\"\/\/www.wmg.cl\/wp-content\/plugins\/revslider\/public\/assets\/assets\/dummy.png\" title=\"Home3-WMG\" width=\"1926\" height=\"1007\" class=\"rev-slidebg tp-rs-img rs-lazyload\" data-lazyload=\"\/\/www.wmg.cl\/wp-content\/uploads\/2025\/11\/Home3-WMG-1.jpg\" data-no-retina>\n<!--\n\t\t\t\t\t\t\t--><rs-layer\n\t\t\t\t\t\t\t\tid=\"slider-3-slide-16-layer-0\" \n\t\t\t\t\t\t\t\tdata-type=\"text\"\n\t\t\t\t\t\t\t\tdata-color=\"#ff5100\"\n\t\t\t\t\t\t\t\tdata-rsp_ch=\"on\"\n\t\t\t\t\t\t\t\tdata-xy=\"xo:93px,68px,48px,29px;yo:490px,277px,196px,62px;\"\n\t\t\t\t\t\t\t\tdata-text=\"w:normal;s:17,16,18,17;l:25,18,12,5;ls:2px,1px,0px,0px;\"\n\t\t\t\t\t\t\t\tdata-dim=\"h:auto,auto,auto,17px;\"\n\t\t\t\t\t\t\t\tdata-frame_0=\"x:0,0,0,0px;y:0,0,0,0px;\"\n\t\t\t\t\t\t\t\tdata-frame_1=\"x:1px,0px,0px,0px;y:-76px,-57px,-40px,-15px;st:390;sp:260;sR:390;\"\n\t\t\t\t\t\t\t\tdata-frame_999=\"o:0;st:w;sR:2350;\"\n\t\t\t\t\t\t\t\tstyle=\"z-index:8;font-family:'Work Sans';\"\n\t\t\t\t\t\t\t>NUESTRO ENFOQUE \n\t\t\t\t\t\t\t<\/rs-layer><!--\n\n\t\t\t\t\t\t\t--><rs-layer\n\t\t\t\t\t\t\t\tid=\"slider-3-slide-16-layer-1\" \n\t\t\t\t\t\t\t\tdata-type=\"text\"\n\t\t\t\t\t\t\t\tdata-tsh=\"h:2px,1px,0px,0px;v:2px,1px,0px,0px;b:5px,3px,2px,0px;\"\n\t\t\t\t\t\t\t\tdata-rsp_ch=\"on\"\n\t\t\t\t\t\t\t\tdata-xy=\"xo:92px,66px,46px,28px;yo:533px,309px,218px,95px;\"\n\t\t\t\t\t\t\t\tdata-text=\"w:normal;s:36,27,24,20;l:46,34,35,27;\"\n\t\t\t\t\t\t\t\tdata-dim=\"w:980px,815px,532px,419px;h:auto,auto,auto,244px;\"\n\t\t\t\t\t\t\t\tdata-frame_1=\"x:-1px,0px,0px,0px;y:-62px,-46px,-32px,-15px;st:390;sp:500;sR:390;\"\n\t\t\t\t\t\t\t\tdata-frame_999=\"o:0;st:w;sR:2110;\"\n\t\t\t\t\t\t\t\tstyle=\"z-index:9;font-family:'Lora';\"\n\t\t\t\t\t\t\t><span style=\"color:#FFF; font-weight:300;\"><em>En WMG Abogados<\/em> analizamos cuantitativamente cada proyecto para ofrecer <em>soluciones legales y tributarias concretas, medibles y efectivas.<\/em> Nuestra asesor\u00eda se orienta a la generaci\u00f3n de valor, combinando t\u00e9cnica jur\u00eddica, estrategia financiera y una comprensi\u00f3n profunda del entorno empresarial.<\/span> \n\t\t\t\t\t\t\t<\/rs-layer><!--\n\n\t\t\t\t\t\t\t--><a\n\t\t\t\t\t\t\t\tid=\"slider-3-slide-16-layer-2\" \n\t\t\t\t\t\t\t\tclass=\"rs-layer rev-btn\"\n\t\t\t\t\t\t\t\thref=\"https:\/\/www.wmg.cl\/estudio\/\" target=\"_self\"\n\t\t\t\t\t\t\t\tdata-type=\"button\"\n\t\t\t\t\t\t\t\tdata-rsp_ch=\"on\"\n\t\t\t\t\t\t\t\tdata-xy=\"xo:93px,68px,50px,28px;yo:833px,593px,453px,357px;\"\n\t\t\t\t\t\t\t\tdata-text=\"w:normal;s:15,16,16,16;l:30,22,15,7;ls:1,0,0,0;fw:600;\"\n\t\t\t\t\t\t\t\tdata-dim=\"minh:0px,none,none,none;\"\n\t\t\t\t\t\t\t\tdata-padding=\"t:12,9,6,3;b:12,9,6,3;\"\n\t\t\t\t\t\t\t\tdata-border=\"bor:30px,30px,30px,30px;\"\n\t\t\t\t\t\t\t\tdata-frame_1=\"x:-2px,-1px,0px,0px;y:-65px,-48px,-34px,-15px;st:600;sR:600;\"\n\t\t\t\t\t\t\t\tdata-frame_999=\"o:0;st:w;sR:2100;\"\n\t\t\t\t\t\t\t\tdata-frame_hover=\"bgc:rgba(255,255,255,0);bor:30px,30px,30px,30px;td:underline;sp:200;\"\n\t\t\t\t\t\t\t\tstyle=\"z-index:10;background-color:rgba(0,0,0,0);font-family:'Work Sans';text-transform:uppercase;\"\n\t\t\t\t\t\t\t><span style=\"color:#ff5100; font-size:35px; line-height:18px\">- <\/span> CONOCE NUESTRO ESTUDIO  \n\t\t\t\t\t\t\t<\/a><!--\n-->\t\t\t\t\t\t<\/rs-slide>\n\t\t\t\t\t\t<rs-slide style=\"position: absolute;\" data-key=\"rs-11\" data-title=\"Slide\" data-thumb=\"\/\/www.wmg.cl\/wp-content\/uploads\/2024\/08\/Home2-WMG-100x50.jpg\" data-in=\"o:0;\" data-out=\"y:100%;\">\n\t\t\t\t\t\t\t<img loading=\"lazy\" decoding=\"async\" src=\"\/\/www.wmg.cl\/wp-content\/plugins\/revslider\/public\/assets\/assets\/dummy.png\" title=\"Home2-WMG\" width=\"1926\" height=\"1007\" class=\"rev-slidebg tp-rs-img rs-lazyload\" data-lazyload=\"\/\/www.wmg.cl\/wp-content\/uploads\/2024\/08\/Home2-WMG.jpg\" data-no-retina>\n<!--\n\t\t\t\t\t\t\t--><rs-layer\n\t\t\t\t\t\t\t\tid=\"slider-3-slide-11-layer-0\" \n\t\t\t\t\t\t\t\tdata-type=\"text\"\n\t\t\t\t\t\t\t\tdata-color=\"#ff5100\"\n\t\t\t\t\t\t\t\tdata-rsp_ch=\"on\"\n\t\t\t\t\t\t\t\tdata-xy=\"xo:93px,69px,48px,29px;yo:490px,368px,260px,62px;\"\n\t\t\t\t\t\t\t\tdata-text=\"w:normal;s:17,16,18,20;l:25,18,12,6;ls:2px,1px,0px,0px;\"\n\t\t\t\t\t\t\t\tdata-frame_1=\"x:1px,0px,0px,0px;y:-76px,-57px,-40px,-18px;st:390;sp:260;sR:390;\"\n\t\t\t\t\t\t\t\tdata-frame_999=\"o:0;st:w;sR:2350;\"\n\t\t\t\t\t\t\t\tstyle=\"z-index:8;font-family:'Work Sans';\"\n\t\t\t\t\t\t\t>NUESTRO EQUIPO \n\t\t\t\t\t\t\t<\/rs-layer><!--\n\n\t\t\t\t\t\t\t--><rs-layer\n\t\t\t\t\t\t\t\tid=\"slider-3-slide-11-layer-1\" \n\t\t\t\t\t\t\t\tdata-type=\"text\"\n\t\t\t\t\t\t\t\tdata-tsh=\"h:2px,1px,0px,0px;v:2px,1px,0px,0px;b:5px,3px,2px,0px;\"\n\t\t\t\t\t\t\t\tdata-rsp_ch=\"on\"\n\t\t\t\t\t\t\t\tdata-xy=\"xo:92px,69px,48px,27px;yo:533px,401px,284px,95px;\"\n\t\t\t\t\t\t\t\tdata-text=\"w:normal;s:36,27,24,20;l:46,34,35,27;\"\n\t\t\t\t\t\t\t\tdata-dim=\"w:980px,737px,532px,406px;\"\n\t\t\t\t\t\t\t\tdata-frame_1=\"x:-1px,0px,0px,0px;y:-62px,-46px,-32px,-15px;st:390;sp:500;sR:390;\"\n\t\t\t\t\t\t\t\tdata-frame_999=\"o:0;st:w;sR:2110;\"\n\t\t\t\t\t\t\t\tstyle=\"z-index:9;font-family:'Lora';\"\n\t\t\t\t\t\t\t><span style=\"color:#fff; font-weight:300;\">Con m\u00e1s de 15 a\u00f1os de trayectoria, contamos con un <em>equipo especializado en derecho tributario y corporativo, integrado<\/em> adem\u00e1s a una red global de oficinas y consultores.<\/span> \n\t\t\t\t\t\t\t<\/rs-layer><!--\n\n\t\t\t\t\t\t\t--><a\n\t\t\t\t\t\t\t\tid=\"slider-3-slide-11-layer-2\" \n\t\t\t\t\t\t\t\tclass=\"rs-layer rev-btn\"\n\t\t\t\t\t\t\t\thref=\"https:\/\/www.wmg.cl\/equipo\/\" target=\"_self\"\n\t\t\t\t\t\t\t\tdata-type=\"button\"\n\t\t\t\t\t\t\t\tdata-rsp_ch=\"on\"\n\t\t\t\t\t\t\t\tdata-xy=\"xo:93px,68px,50px,30px;yo:833px,593px,453px,373px;\"\n\t\t\t\t\t\t\t\tdata-text=\"w:normal;s:15,16,16,16;l:30,22,15,7;ls:1,0,0,0;fw:600;\"\n\t\t\t\t\t\t\t\tdata-dim=\"minh:0px,none,none,none;\"\n\t\t\t\t\t\t\t\tdata-padding=\"t:12,9,6,3;b:12,9,6,3;\"\n\t\t\t\t\t\t\t\tdata-border=\"bor:30px,30px,30px,30px;\"\n\t\t\t\t\t\t\t\tdata-frame_1=\"x:-2px,-1px,0px,0px;y:-65px,-48px,-34px,-15px;st:600;sR:600;\"\n\t\t\t\t\t\t\t\tdata-frame_999=\"o:0;st:w;sR:2100;\"\n\t\t\t\t\t\t\t\tdata-frame_hover=\"bgc:rgba(255,255,255,0);bor:30px,30px,30px,30px;td:underline;sp:200;\"\n\t\t\t\t\t\t\t\tstyle=\"z-index:10;background-color:rgba(0,0,0,0);font-family:'Work Sans';text-transform:uppercase;\"\n\t\t\t\t\t\t\t><span style=\"color:#ff5100; font-size:35px; line-height:18px\">- <\/span> CONOCE NUESTRO EQUIPO  \n\t\t\t\t\t\t\t<\/a><!--\n-->\t\t\t\t\t\t<\/rs-slide>\n\t\t\t\t\t\t<rs-slide style=\"position: absolute;\" data-key=\"rs-14\" data-title=\"Slide\" data-thumb=\"\/\/www.wmg.cl\/wp-content\/uploads\/2025\/11\/WEB-3-100x50.jpg\" data-in=\"o:0;\" data-out=\"y:100%;\">\n\t\t\t\t\t\t\t<img loading=\"lazy\" decoding=\"async\" src=\"\/\/www.wmg.cl\/wp-content\/plugins\/revslider\/public\/assets\/assets\/dummy.png\" title=\"WEB-3\" width=\"1920\" height=\"1137\" class=\"rev-slidebg tp-rs-img rs-lazyload\" data-lazyload=\"\/\/www.wmg.cl\/wp-content\/uploads\/2025\/11\/WEB-3.jpg\" data-no-retina>\n<!--\n\t\t\t\t\t\t\t--><rs-layer\n\t\t\t\t\t\t\t\tid=\"slider-3-slide-14-layer-0\" \n\t\t\t\t\t\t\t\tdata-type=\"text\"\n\t\t\t\t\t\t\t\tdata-color=\"#ff5100\"\n\t\t\t\t\t\t\t\tdata-rsp_ch=\"on\"\n\t\t\t\t\t\t\t\tdata-xy=\"xo:93px,69px,48px,22px;yo:490px,368px,260px,102px;\"\n\t\t\t\t\t\t\t\tdata-text=\"w:normal;s:17,16,18,20;l:25,18,12,6;ls:2px,1px,0px,0px;\"\n\t\t\t\t\t\t\t\tdata-frame_1=\"x:1px,0px,0px,0px;y:-76px,-57px,-40px,-18px;st:390;sp:260;sR:390;\"\n\t\t\t\t\t\t\t\tdata-frame_999=\"o:0;st:w;sR:2350;\"\n\t\t\t\t\t\t\t\tstyle=\"z-index:8;font-family:'Work Sans';\"\n\t\t\t\t\t\t\t>VALOR AGREGADO \n\t\t\t\t\t\t\t<\/rs-layer><!--\n\n\t\t\t\t\t\t\t--><rs-layer\n\t\t\t\t\t\t\t\tid=\"slider-3-slide-14-layer-1\" \n\t\t\t\t\t\t\t\tdata-type=\"text\"\n\t\t\t\t\t\t\t\tdata-tsh=\"h:2px,1px,0px,0px;v:2px,1px,0px,0px;b:5px,3px,2px,0px;\"\n\t\t\t\t\t\t\t\tdata-rsp_ch=\"on\"\n\t\t\t\t\t\t\t\tdata-xy=\"xo:93px,69px,48px,22px;yo:533px,401px,284px,133px;\"\n\t\t\t\t\t\t\t\tdata-text=\"w:normal;s:36,27,24,20;l:46,34,35,27;\"\n\t\t\t\t\t\t\t\tdata-dim=\"w:785px,590px,532px,406px;\"\n\t\t\t\t\t\t\t\tdata-frame_1=\"x:-1px,0px,0px,0px;y:-62px,-46px,-32px,-15px;st:390;sp:500;sR:390;\"\n\t\t\t\t\t\t\t\tdata-frame_999=\"o:0;st:w;sR:2110;\"\n\t\t\t\t\t\t\t\tstyle=\"z-index:9;font-family:'Lora';\"\n\t\t\t\t\t\t\t><span style=\"color:#fff; font-weight:300;\"><em>Incorporamos inteligencia artificial y anal\u00edtica avanzada<\/em> en nuestros procesos internos, validados por nuestro equipo mediante protocolos t\u00e9cnicos de revisi\u00f3n y confirmaci\u00f3n.<\/span> \n\t\t\t\t\t\t\t<\/rs-layer><!--\n\n\t\t\t\t\t\t\t--><a\n\t\t\t\t\t\t\t\tid=\"slider-3-slide-14-layer-2\" \n\t\t\t\t\t\t\t\tclass=\"rs-layer rev-btn\"\n\t\t\t\t\t\t\t\thref=\"https:\/\/www.wmg.cl\/areas-de-practica\/\" target=\"_self\"\n\t\t\t\t\t\t\t\tdata-type=\"button\"\n\t\t\t\t\t\t\t\tdata-rsp_ch=\"on\"\n\t\t\t\t\t\t\t\tdata-xy=\"xo:92px,68px,50px,23px;yo:785px,593px,453px,393px;\"\n\t\t\t\t\t\t\t\tdata-text=\"w:normal;s:15,16,16,16;l:30,22,15,7;ls:1,0,0,0;fw:600;\"\n\t\t\t\t\t\t\t\tdata-dim=\"minh:0px,none,none,none;\"\n\t\t\t\t\t\t\t\tdata-padding=\"t:12,9,6,3;b:12,9,6,3;\"\n\t\t\t\t\t\t\t\tdata-border=\"bor:30px,30px,30px,30px;\"\n\t\t\t\t\t\t\t\tdata-frame_1=\"x:-2px,-1px,0px,0px;y:-65px,-48px,-34px,-15px;st:600;sR:600;\"\n\t\t\t\t\t\t\t\tdata-frame_999=\"o:0;st:w;sR:2100;\"\n\t\t\t\t\t\t\t\tdata-frame_hover=\"bgc:rgba(255,255,255,0);bor:30px,30px,30px,30px;td:underline;sp:200;\"\n\t\t\t\t\t\t\t\tstyle=\"z-index:10;background-color:rgba(0,0,0,0);font-family:'Work Sans';text-transform:uppercase;\"\n\t\t\t\t\t\t\t><span style=\"color:#ff5100; font-size:35px; line-height:18px\">- <\/span> CONOCE NUESTROS SERVICIOS \n\t\t\t\t\t\t\t<\/a><!--\n-->\t\t\t\t\t\t<\/rs-slide>\n\t\t\t\t\t<\/rs-slides>\n\t\t\t\t<\/rs-module>\n\t\t\t\t<script type=\"text\/javascript\">\n\t\t\t\t\tsetREVStartSize({c: 'rev_slider_3_1',rl:[1240,1024,778,480],el:[1100,645,768,530],gw:[1920,1445,1024,480],gh:[1100,645,768,530],type:'standard',justify:'',layout:'fullscreen',offsetContainer:'',offset:'',mh:\"0\"});if (window.RS_MODULES!==undefined && window.RS_MODULES.modules!==undefined && window.RS_MODULES.modules[\"revslider31\"]!==undefined) {window.RS_MODULES.modules[\"revslider31\"].once = false;window.revapi3 = undefined;if (window.RS_MODULES.checkMinimal!==undefined) window.RS_MODULES.checkMinimal()}\n\t\t\t\t<\/script>\n\t\t\t<\/rs-module-wrap>\n\t\t\t<!-- END REVOLUTION SLIDER -->\n<\/div><\/div><\/div><\/div><\/div><\/div><\/section>\n<\/div>","protected":false},"excerpt":{"rendered":"NUESTRO ENFOQUE En WMG Abogados analizamos cuantitativamente cada proyecto para ofrecer soluciones legales y tributarias...","protected":false},"author":1,"featured_media":0,"parent":0,"menu_order":17,"comment_status":"closed","ping_status":"closed","template":"","meta":{"footnotes":""},"class_list":["post-3882","page","type-page","status-publish","hentry"],"_links":{"self":[{"href":"https:\/\/www.wmg.cl\/en\/wp-json\/wp\/v2\/pages\/3882","targetHints":{"allow":["GET"]}}],"collection":[{"href":"https:\/\/www.wmg.cl\/en\/wp-json\/wp\/v2\/pages"}],"about":[{"href":"https:\/\/www.wmg.cl\/en\/wp-json\/wp\/v2\/types\/page"}],"author":[{"embeddable":true,"href":"https:\/\/www.wmg.cl\/en\/wp-json\/wp\/v2\/users\/1"}],"replies":[{"embeddable":true,"href":"https:\/\/www.wmg.cl\/en\/wp-json\/wp\/v2\/comments?post=3882"}],"version-history":[{"count":5,"href":"https:\/\/www.wmg.cl\/en\/wp-json\/wp\/v2\/pages\/3882\/revisions"}],"predecessor-version":[{"id":4560,"href":"https:\/\/www.wmg.cl\/en\/wp-json\/wp\/v2\/pages\/3882\/revisions\/4560"}],"wp:attachment":[{"href":"https:\/\/www.wmg.cl\/en\/wp-json\/wp\/v2\/media?parent=3882"}],"curies":[{"name":"wp","href":"https:\/\/api.w.org\/{rel}","templated":true}]}}