{"id":4177,"date":"2023-08-30T18:27:18","date_gmt":"2023-08-30T18:27:18","guid":{"rendered":"https:\/\/www.wmg.cl\/?page_id=4177"},"modified":"2025-11-11T16:14:42","modified_gmt":"2025-11-11T16:14:42","slug":"estudio","status":"publish","type":"page","link":"https:\/\/www.wmg.cl\/en\/estudio\/","title":{"rendered":"THE FIRM"},"content":{"rendered":"<div class=\"wpb-content-wrapper\"><p><style>@media (min-width: 1200px) { .liquid-row-responsive-69ea4c10b55e2 {margin-top:200px !important; padding-top:60px !important; padding-right:80px !important; padding-bottom:60px !important; padding-left:80px !important;  }  }   <\/style><section class=\"vc_row wpb_row vc_row-fluid vc_custom_1693416241090 row-contains-padding-top row-contains-padding-bottom liquid-row-responsive-69ea4c10b55e2 liquid-row-shadowbox-69ea4c10b561e vc_column-gap-35\"><div class=\"ld-container container-fluid\"><div class=\"row ld-row\"><div class=\"wpb_column vc_column_container vc_col-sm-6 liquid-column-69ea4c10b6661\"><div class=\"vc_column-inner\"><div class=\"wpb_wrapper \"   ><div class=\"wpb_wrapper-inner\"><h6 style=\"font-size: 15px;color: #ff5100;line-height: 15px;text-align: left;letter-spacing:1px\" class=\"vc_custom_heading\"  >ESTUDIO<\/h6><style>.ld_fancy_heading_69ea4c10b73ac p{font-size:22px;line-height:34px;letter-spacing:0,5px;}.ld_fancy_heading_69ea4c10b73ac .lqd-highlight-inner{height:0.275em;bottom:0px;}<\/style><div class=\"ld-fancy-heading text-left ld_fancy_heading_69ea4c10b73ac\">\n\t<p class=\"lqd-highlight-underline lqd-highlight-grow-left\" data-fittext=\"true\" data-fittext-options='{\"compressor\":1,\"maxFontSize\":\"30px\",\"minFontSize\":\"18px\"}'><span class=\"ld-fh-txt\"> <span style=\"font-family: Lora, serif;font-size: 24px\"><em><strong>WMG Abogados<\/strong> naci\u00f3 en 2010 a partir de la integraci\u00f3n de <strong>abogados tributarios e ingenieros,<\/strong> con el prop\u00f3sito de conformar un equipo multidisciplinario <strong>especializado en planificaci\u00f3n estrat\u00e9gica y protecci\u00f3n patrimonial para familias empresarias y compa\u00f1\u00edas en crecimiento.<\/strong><\/em><\/span><\/span><\/p><\/div>\n\t<div class=\"wpb_text_column wpb_content_element\" >\n\t\t<div class=\"wpb_wrapper\">\n\t\t\t<p>Desde sus inicios, la firma ha mantenido una visi\u00f3n constante:\u00a0entregar soluciones tributarias de alto nivel t\u00e9cnico, orientadas a la\u00a0sustentabilidad, proyecci\u00f3n y consolidaci\u00f3n de los patrimonios familiares y empresariales.<\/p>\n\n\t\t<\/div>\n\t<\/div>\n<div class=\"vc_empty_space\"   style=\"height: 20px\"><span class=\"vc_empty_space_inner\"><\/span><\/div><\/div><\/div><\/div><\/div><div class=\"wpb_column vc_column_container vc_col-sm-6 liquid-column-69ea4c10b7e19\"><div class=\"vc_column-inner\"><div class=\"wpb_wrapper \"   ><div class=\"wpb_wrapper-inner\"><div class=\"vc_empty_space\"   style=\"height: 28px\"><span class=\"vc_empty_space_inner\"><\/span><\/div>\n\t<div class=\"wpb_text_column wpb_content_element\" >\n\t\t<div class=\"wpb_wrapper\">\n\t\t\t<p>Con m\u00e1s de 15 a\u00f1os de trayectoria,\u00a0WMG Abogados\u00a0ha desarrollado una\u00a0pr\u00e1ctica reconocida en el dise\u00f1o y ejecuci\u00f3n de estructuras corporativas y tributarias complejas\u00a0para\u00a0empresas familiares y grupos econ\u00f3micos. Nuestra experiencia nos ha posicionado como\u00a0referentes en estrategia tributaria y protecci\u00f3n patrimonial, acompa\u00f1ando a nuestros clientes en\u00a0procesos de crecimiento, diversificaci\u00f3n e internacionalizaci\u00f3n de negocios\u00a0en Chile y el extranjero.<\/p>\n<p>Hoy mantenemos intacto nuestro esp\u00edritu fundacional, ampliando nuestro alcance a\u00a0empresas nacionales y extranjeras, fondos de inversi\u00f3n, grupos empresariales, familias de alto y mediano patrimonio\u00a0y personas naturales\u00a0que buscan\u00a0eficiencia fiscal, seguridad jur\u00eddica y una gesti\u00f3n patrimonial integral.<\/p>\n<p>Nuestra fortaleza radica en\u00a0combinar precisi\u00f3n t\u00e9cnica, visi\u00f3n estrat\u00e9gica y profundo conocimiento del entorno empresarial y familiar, ofreciendo asesor\u00edas que\u00a0equilibran la estrategia jur\u00eddica con resultados financieros sostenibles y de largo plazo.<\/p>\n\n\t\t<\/div>\n\t<\/div>\n<\/div><\/div><\/div><\/div><\/div><\/div><\/section><div class=\"vc_row-full-width vc_clearfix\"><\/div><style>@media (min-width: 1200px) { .liquid-row-responsive-69ea4c10b830b {padding-top:60px !important; padding-right:60px !important; padding-bottom:60px !important; padding-left:60px !important;  }  }   <\/style><section data-slideshow-bg=\"true\" data-slideshow-options='{\"imageArray\":[{\"src\":\"https:\\\/\\\/www.wmg.cl\\\/wp-content\\\/uploads\\\/2025\\\/10\\\/Estudio-WMG.jpg\",\"alt\":\"Row Background Image\"},{\"src\":\"https:\\\/\\\/www.wmg.cl\\\/wp-content\\\/uploads\\\/2025\\\/10\\\/Estudio2-WMG.jpg\",\"alt\":\"Row Background Image\"}]}' data-bg-image=\"url\" class=\"vc_row wpb_row vc_row-fluid vc_custom_1760641567240 liquid-row-responsive-69ea4c10b830b liquid-row-shadowbox-69ea4c10b8342 vc_row-has-fill vc_row-has-bg vc_column-gap-35\"><div class=\"ld-container container-fluid\"><div class=\"row ld-row\"><div class=\"wpb_column vc_column_container vc_col-sm-12 liquid-column-69ea4c10b8f17\"><div class=\"vc_column-inner\"><div class=\"wpb_wrapper \"   ><div class=\"wpb_wrapper-inner\"><div class=\"vc_empty_space\"   style=\"height: 400px\"><span class=\"vc_empty_space_inner\"><\/span><\/div><\/div><\/div><\/div><\/div><\/div><\/div><\/section><div class=\"vc_row-full-width vc_clearfix\"><\/div>\n<\/div>","protected":false},"excerpt":{"rendered":"ESTUDIO WMG Abogados naci\u00f3 en 2010 a partir de la integraci\u00f3n de abogados tributarios e...","protected":false},"author":1,"featured_media":0,"parent":0,"menu_order":16,"comment_status":"closed","ping_status":"closed","template":"","meta":{"footnotes":""},"class_list":["post-4177","page","type-page","status-publish","hentry"],"_links":{"self":[{"href":"https:\/\/www.wmg.cl\/en\/wp-json\/wp\/v2\/pages\/4177","targetHints":{"allow":["GET"]}}],"collection":[{"href":"https:\/\/www.wmg.cl\/en\/wp-json\/wp\/v2\/pages"}],"about":[{"href":"https:\/\/www.wmg.cl\/en\/wp-json\/wp\/v2\/types\/page"}],"author":[{"embeddable":true,"href":"https:\/\/www.wmg.cl\/en\/wp-json\/wp\/v2\/users\/1"}],"replies":[{"embeddable":true,"href":"https:\/\/www.wmg.cl\/en\/wp-json\/wp\/v2\/comments?post=4177"}],"version-history":[{"count":30,"href":"https:\/\/www.wmg.cl\/en\/wp-json\/wp\/v2\/pages\/4177\/revisions"}],"predecessor-version":[{"id":4600,"href":"https:\/\/www.wmg.cl\/en\/wp-json\/wp\/v2\/pages\/4177\/revisions\/4600"}],"wp:attachment":[{"href":"https:\/\/www.wmg.cl\/en\/wp-json\/wp\/v2\/media?parent=4177"}],"curies":[{"name":"wp","href":"https:\/\/api.w.org\/{rel}","templated":true}]}}